{"id":2,"date":"2010-11-27T10:07:35","date_gmt":"2010-11-27T10:07:35","guid":{"rendered":"http:\/\/www.klangrevolution.de\/?page_id=2"},"modified":"2024-01-17T06:30:21","modified_gmt":"2024-01-17T06:30:21","slug":"impressum","status":"publish","type":"page","link":"https:\/\/www.klangrevolution.de\/en\/impressum\/","title":{"rendered":"Impressum"},"content":{"rendered":"<p><!--noadsense--><br \/>\nAngaben gem\u00e4\u00df \u00a7 5 TMG:<br \/>\nBernd Korz<br \/>\nM\u00fchlheimer Hauptstrasse 2<br \/>\n67283 Obrigheim<\/p>\n<p>Kontakt:<br \/>\nTelefon: +49 (0) 6359-807937<br \/>\nE-Mail:\u2028info [aht] klangrevolution.de<\/p>\n<p><strong>Haftungsausschluss<\/strong>:<br \/>\n<em> Haftung f\u00fcr Inhalte<\/em><br \/>\nDie Inhalte unserer Seiten wurden mit gr\u00f6\u00dfter Sorgfalt erstellt. F\u00fcr die Richtigkeit, Vollst\u00e4ndigkeit und Aktualit\u00e4t der Inhalte k\u00f6nnen wir jedoch keine Gew\u00e4hr \u00fcbernehmen. Als Dienstanbieter sind wir gem\u00e4\u00df \u00a7 7 Abs.1 TMG f\u00fcr eigene Inhalte auf diesen Seiten nach den allgemeinen Gesetzen verantwortlich.<\/p>\n<p>Nach \u00a7\u00a7 8 bis 10 TMG sind wir als Dienstanbieter jedoch nicht verpflichtet, \u00fcbermittelte oder gespeicherte fremde Informationen zu \u00fcberwachen oder nach Umst\u00e4nden zu forschen, die auf eine rechtswidrige T\u00e4tigkeit hinweisen. Verpflichtungen zur Entfernung oder Sperrung der Nutzung von Informationen nach den allgemeinen Gesetzen bleiben hiervon unber\u00fchrt. Eine diesbez\u00fcgliche Haftung ist jedoch erst ab dem Zeitpunkt der Kenntnis einer konkreten Rechtsverletzung m\u00f6glich. Bei Bekanntwerden von entsprechenden Rechtsverletzungen werden wir diese Inhalte umgehend entfernen.<\/p>\n<p><em>Haftung f\u00fcr Links <\/em><br \/>\nUnser Angebot enth\u00e4lt Links zu externen Webseiten Dritter, auf deren Inhalte wir keinen Einfluss haben. Deshalb k\u00f6nnen wir f\u00fcr diese fremden Inhalte auch keine Gew\u00e4hr \u00fcbernehmen. F\u00fcr die Inhalte der verlinkten Seiten ist stets der jeweilige Anbieter oder Betreiber der Seiten verantwortlich. Die verlinkten Seiten wurden zum Zeitpunkt der Verlinkung auf m\u00f6gliche Rechtsverst\u00f6\u00dfe \u00fcberpr\u00fcft. Rechtswidrige Inhalte waren zum Zeitpunkt der Verlinkung nicht erkennbar. Eine permanente inhaltliche Kontrolle der verlinkten Seiten ist jedoch ohne konkrete Anhaltspunkte einer Rechtsverletzung nicht zumutbar. Bei Bekanntwerden von Rechtsverletzungen werden wir derartige Links umgehend entfernen.<\/p>\n<p><em>Urheberrecht<\/em><br \/>\nDie durch die Seitenbetreiber erstellten Inhalte und Werke auf diesen Seiten unterliegen dem deutschen Urheberrecht. Die Vervielf\u00e4ltigung, Bearbeitung, Verbreitung und jede Art der Verwertung au\u00dferhalb der Grenzen des Urheberrechtes bed\u00fcrfen der schriftlichen Zustimmung des jeweiligen Autors bzw. Erstellers. Downloads und Kopien dieser Seite sind nur f\u00fcr den privaten, nicht kommerziellen Gebrauch gestattet. Soweit die Inhalte auf dieser Seite nicht vom Betreiber erstellt wurden, werden die Urheberrechte Dritter beachtet. Insbesondere werden Inhalte Dritter als solche gekennzeichnet. Sollten Sie trotzdem auf eine Urheberrechtsverletzung aufmerksam werden, bitten wir um einen entsprechenden Hinweis. Bei Bekanntwerden von Rechtsverletzungen werden wir derartige Inhalte umgehend entfernen.<\/p>\n<p><em>Datenschutz<\/em><br \/>\nDie Nutzung unserer Webseite ist in der Regel ohne Angabe personenbezogener Daten m\u00f6glich. Soweit auf unseren Seiten personenbezogene Daten (beispielsweise Name, Anschrift oder (Mail-Adressen) erhoben werden, erfolgt dies, soweit m\u00f6glich, stets auf freiwilliger Basis. Diese Daten werden ohne Ihre ausdr\u00fcckliche Zustimmung nicht an Dritte weitergegeben.<br \/>\nWir weisen darauf hin, dass die Daten\u00fcbertragung im Internet (z.B. bei der Kommunikation per E-Mail) Sicherheitsl\u00fccken aufweisen kann. Ein l\u00fcckenloser Schutz der Daten vor dem Zugriff durch Dritte ist nicht m\u00f6glich.<\/p>\n<p>Der Nutzung von im Rahmen der Impressumspflicht ver\u00f6ffentlichten Kontaktdaten durch Dritte zur \u00dcbersendung von nicht ausdr\u00fccklich angeforderter Werbung und Informationsmaterialien wird hiermit ausdr\u00fccklich widersprochen. Die Betreiber der Seiten behalten sich ausdr\u00fccklich rechtliche Schritte im Falle der unverlangten Zusendung von Werbeinformationen, etwa durch Spam-Mails, vor.<\/p>\n<p><strong>Einsatz des alugha Video-Players<\/strong><\/p>\n<p>Diese Website verwendet den alugha Video-Player, eine Einbettungsfunktion des Anbieters Alugha GmbH, O7, 17 , 68161 Mannheim, Deutschland, zur Darstellung und Wiedergabe von Videos (n\u00e4here Informationen finden Sie unter\u00a0<a class=\"linkified\" href=\"https:\/\/alugha.com\/\" target=\"_blank\" rel=\"noreferrer noopener\">https:\/\/alugha.com<\/a>).<\/p>\n<p>Im Rahmen der Bereitstellung des Video-Players wird das Analyse-Instrument Matomo zur Messung der Videoperformance, zur Fehlerdiagnostik und zur Bereitstellung von Leistungsberichten f\u00fcr Websitebetreiber eingesetzt. Alugha hat hierbei Datenschutzkonfigurationen implementiert, die ein H\u00f6chstma\u00df an Datenschutz und Anonymisierung sicherstellen. Dies umfasst unter anderem den Verzicht auf Tracking-Cookies, die standardisierte Anonymisierung von Benutzer-IPs und die Speicherung der Daten ausschlie\u00dflich auf Servern von alugha innerhalb der Europ\u00e4ischen Union.<\/p>\n<p>Die von alugha w\u00e4hrend der Videonutzung erfassten Daten werden uns als Websitebetreiber zur Verf\u00fcgung gestellt. Eine individuelle Zuordnung der gesammelten Informationen zu einzelnen Nutzern\/Viewern ist dabei zu keinem Zeitpunkt m\u00f6glich. Alugha ver\u00e4u\u00dfert oder \u00fcbermittelt diese Daten nicht an Dritte.<\/p>\n<p>Detailinformationen \u00fcber die durch Matomo erhobenen Daten k\u00f6nnen hier eingesehen werden:<\/p>\n<ul>\n<li>Allgemeine FAQ:\u00a0<a class=\"linkified\" href=\"https:\/\/matomo.org\/faq\/general\/faq_18254\" target=\"_blank\" rel=\"noreferrer noopener\">https:\/\/matomo.org\/faq\/general\/faq_18254<\/a><\/li>\n<li>Media Analytics FAQ:\u00a0<a class=\"linkified\" href=\"https:\/\/matomo.org\/faq\/media-analytics\/faq_22387\" target=\"_blank\" rel=\"noreferrer noopener\">https:\/\/matomo.org\/faq\/media-analytics\/faq_22387<\/a><\/li>\n<\/ul>\n<p>Die Auswertung der Nutzungsdaten erfolgt auf Basis berechtigter Interessen gem\u00e4\u00df Art. 6 Abs. 1 lit. f DSGVO, welche die ordnungsgem\u00e4\u00dfe Bereitstellung unserer Dienstleistungen durch alugha beinhalten.<\/p>\n<p>Umfassende Datenschutzinformationen zu alugha, einschlie\u00dflich der Nutzungsbedingungen und Datenschutzerkl\u00e4rung, finden Sie unter folgenden Links:<\/p>\n<ul>\n<li>Nutzungsbedingungen:\u00a0<a class=\"linkified\" href=\"https:\/\/alugha.com\/tos\" target=\"_blank\" rel=\"noreferrer noopener\">https:\/\/alugha.com\/tos<\/a><\/li>\n<li>Datenschutzerkl\u00e4rung:\u00a0<a class=\"linkified\" href=\"https:\/\/alugha.com\/privacy\" target=\"_blank\" rel=\"noreferrer noopener\">https:\/\/alugha.com\/privacy<\/a><\/li>\n<\/ul>\n<p>Sofern die Verarbeitung personenbezogener Daten erfolgt, geschieht dies in \u00dcbereinstimmung mit den geltenden Datenschutzvorschriften. Nutzer k\u00f6nnen ihre Datenschutzrechte gem\u00e4\u00df den gesetzlichen Bestimmungen jederzeit geltend machen.<\/p>\n<p><em>Amazon Partnerprogramm<\/em><br \/>\nKlangrevolution.de ist Teilnehmer des Partnerprogramms von Amazon Europe S.\u00e0 r.l., ein Partnerwerbeprogramm, das f\u00fcr Websites konzipiert wurde, mittels dessen durch die Platzierung von Werbeanzeigen und Links zu amazon.co.uk \/ Javari.co.uk \/ amazon.de \/ amazon.fr \/ Javari.fr \/ amazon.it Werbekostenerstattungen verdient werden k\u00f6nnen.<\/p>\n","protected":false},"excerpt":{"rendered":"<p>Angaben gem\u00e4\u00df \u00a7 5 TMG: Bernd Korz M\u00fchlheimer Hauptstrasse 2 67283 Obrigheim Kontakt: Telefon: +49 (0) 6359-807937 E-Mail:\u2028info [aht] klangrevolution.de Haftungsausschluss: Haftung f\u00fcr Inhalte Die Inhalte unserer Seiten wurden mit gr\u00f6\u00dfter Sorgfalt erstellt. F\u00fcr die Richtigkeit, Vollst\u00e4ndigkeit und Aktualit\u00e4t der Inhalte k\u00f6nnen wir jedoch keine Gew\u00e4hr \u00fcbernehmen. Als Dienstanbieter sind wir gem\u00e4\u00df \u00a7 7 Abs.1 TMG f\u00fcr eigene Inhalte auf diesen Seiten nach den allgemeinen&#46;&#46;&#46;<\/p>\n","protected":false},"author":1,"featured_media":0,"parent":0,"menu_order":0,"comment_status":"closed","ping_status":"closed","template":"","meta":{"jetpack_post_was_ever_published":false,"footnotes":""},"class_list":["post-2","page","type-page","status-publish","hentry"],"translation":{"provider":"WPGlobus","version":"3.0.2","language":"en","enabled_languages":["de","en"],"languages":{"de":{"title":true,"content":true,"excerpt":false},"en":{"title":false,"content":false,"excerpt":false}}},"jetpack_sharing_enabled":true,"jetpack-related-posts":[],"_links":{"self":[{"href":"https:\/\/www.klangrevolution.de\/en\/wp-json\/wp\/v2\/pages\/2","targetHints":{"allow":["GET"]}}],"collection":[{"href":"https:\/\/www.klangrevolution.de\/en\/wp-json\/wp\/v2\/pages"}],"about":[{"href":"https:\/\/www.klangrevolution.de\/en\/wp-json\/wp\/v2\/types\/page"}],"author":[{"embeddable":true,"href":"https:\/\/www.klangrevolution.de\/en\/wp-json\/wp\/v2\/users\/1"}],"replies":[{"embeddable":true,"href":"https:\/\/www.klangrevolution.de\/en\/wp-json\/wp\/v2\/comments?post=2"}],"version-history":[{"count":1,"href":"https:\/\/www.klangrevolution.de\/en\/wp-json\/wp\/v2\/pages\/2\/revisions"}],"predecessor-version":[{"id":1894,"href":"https:\/\/www.klangrevolution.de\/en\/wp-json\/wp\/v2\/pages\/2\/revisions\/1894"}],"wp:attachment":[{"href":"https:\/\/www.klangrevolution.de\/en\/wp-json\/wp\/v2\/media?parent=2"}],"curies":[{"name":"wp","href":"https:\/\/api.w.org\/{rel}","templated":true}]}}