{"id":100,"date":"2010-11-28T11:16:52","date_gmt":"2010-11-28T11:16:52","guid":{"rendered":"http:\/\/www.klangrevolution.de\/"},"modified":"2016-12-02T07:18:48","modified_gmt":"2016-12-02T07:18:48","slug":"uber","status":"publish","type":"page","link":"https:\/\/www.klangrevolution.de\/en\/uber\/","title":{"rendered":"\u00dcber&#8230;"},"content":{"rendered":"<p><!--noadsense--><\/p>\n<h2>Was ist die Klangrevolution?<\/h2>\n<p>Vor langer Zeit war das Projekt als Konzertveranstalter und K\u00fcnstlervermittlung angedacht und gestartet worden. Im Laufe der Zeit jedoch kamen immer mehr Berichte \u00fcber Konzerte, Interviews und Rezensionen hinzu. Irgendwann beschlossen wir daher, aus der Klangrevolution ein Portal zu machen in dem wir \u00fcber alles und jeden berichten. Und es ist gut geworden \ud83d\ude42<\/p>\n<h2>\u00dcber was berichten wir?<\/h2>\n<p>Generell berichten wir \u00fcber alles was mit Musik, Film und Theater zu tun hat, dabei spielt es f\u00fcr uns keine Rolle, ob du vor 50 oder vor 5.000 und mehr Zuschauern spielst. Du hast eine CD gemacht oder eine Single? Hast gerade einen Kurzfilm oder gar ein gr\u00f6\u00dferes Projekt ver\u00f6ffentlicht? Dann berichte hier bei uns dar\u00fcber.<\/p>\n<p><strong>ABER! Es gibt EINE Beschr\u00e4nkung!<\/strong><\/p>\n<p>Wir berichten seit l\u00e4ngerem NUR \u00fcber Themen in oben genannten Bereichen, wenn Ihr MINDESTENS Zweisprachig seid. Bitte ber\u00fccksichtigt das bei Euren Anfragen, da wir alle anderen Vorschl\u00e4ge aus zeitlichen Gr\u00fcnden ignorieren m\u00fcssen.<\/p>\n<p>Wir freuen uns sehr \u00fcber eure Teilnahme an der KlangREVOLUTION!<\/p>\n<h2>\u00dcber wen berichten wir?<\/h2>\n<p>Wir berichten \u00fcber jeden K\u00fcnstler, der das von sich aus m\u00f6chte und der uns was einreicht. Von unserer Seite selbst schreiben wir Artikel dann, wenn WIR etwas dazu zu sagen haben oder wir das Projekt selbst m\u00f6gen oder irgendwie einen pers\u00f6nlichen Kontakt (sei es \u00fcber Dritte oder Freundschaften oder die Arbeit) zu dem Projekt\/dem K\u00fcnstler haben. Bist du also eher unbekannt und m\u00f6chtest trotzdem, dass man \u00fcber dein Projekt schreibt, dann tue es selbst und schicke es uns zu, wir werden es dann ver\u00f6ffentlichen bei uns.<\/p>\n<h2>Wie kannst du deine Sachen einreichen?<\/h2>\n<p>Am einfachsten ist es, du schickst uns eine Mail mit deinem Artikel zu. Hier gibt es allerdings noch einiges zu beachten, damit wir auch einen reibungslosen Ablauf garantieren k\u00f6nnen:<\/p>\n<ol>\n<li>Bitte den Artikel als normalen Text (gerne auch in HTML) in der Mail oder als .html Datei als Anhang.<\/li>\n<li>Der Artikel muss auch im PDF vorliegen, damit wir sehen k\u00f6nnen, wie das Endformat aussehen soll.<\/li>\n<li>Alle Bilder im Text m\u00fcssen in der Mail mit beigef\u00fcgt sein.<\/li>\n<li>Alle Songbeispiele m\u00fcssen in .ogg sowie .mp3 vorliegen.<\/li>\n<li>Alle Videos m\u00fcssen in .mp4 und Flash vorliegen.<\/li>\n<li>Links in den Artikeln d\u00fcrfen nicht auf irgendetwas illegales verweisen.<\/li>\n<\/ol>\n<h2>Wer schreibt hier?<\/h2>\n<p>Zum einen nat\u00fcrlich wir selbst \ud83d\ude42 und zum anderen: DU! Du schreibst hier deinen Artikel \u00fcber DEIN Produkt oder eines \u00fcber das du selbst gerne was schreiben m\u00f6chtest und wir ver\u00f6ffentlichen es f\u00fcr dich.<\/p>\n<h2>Was ver\u00f6ffentlichen wir?<\/h2>\n<p>Wir ver\u00f6ffentlichen alles was folgende Regeln respektiert:<\/p>\n<ol>\n<li>Keine pornographischen Inhalte<\/li>\n<li>Keine rassistischen Inhalte<\/li>\n<li>Keine Plagiate<\/li>\n<li>Nichts was Menschen\u00a0denunziert, beleidigt oder verletzt<\/li>\n<li>Keine neonazistischen Inhalte<\/li>\n<\/ol>\n<p>Wenn dein Artikel sich an diese Regeln h\u00e4lt, steht einer Ver\u00f6ffentlichung nichts mehr im Wege. Um aber nun die Frage auch wirklich zu beantworten hier ein Auszug aus dem, was wir ver\u00f6ffentlichen:<\/p>\n<ol>\n<li>CD-Single Rezensionen<\/li>\n<li>CD-Album Rezensionen<\/li>\n<li>DVD\/BD Rezensionen<\/li>\n<li>Konzertberichte (Vor- und Nachberichterstattung)<\/li>\n<li>Konzerttermine die anstehen f\u00fcr dich<\/li>\n<li>Biografien \u00fcber dich<\/li>\n<li>u.v.m.<\/li>\n<\/ol>\n<h2>Welche Dinge behalten wir uns vor?<\/h2>\n<p>Grunds\u00e4tzlich m\u00f6chten wir dir eine Chance geben, dass deine Projekte im Internet gefunden werden, wir behalten uns jedoch trotzdem einiges vor:<\/p>\n<ol>\n<li>Deinen Artikel ohne Angabe von Gr\u00fcnden jederzeit wieder vom Netz zu nehmen.<\/li>\n<li>Deinen Artikel inhaltlich anzupassen, wenn wir der Meinung sind, dass es wichtig ist.<\/li>\n<li>In deinem Artikel Affilinet\u00a0(Amazon, ebay&#8230;) durch eigene zu ersetzen.<\/li>\n<li>In deinem Artikel Affilinet-Links einzubauen zu Amazon und iTunes.<\/li>\n<li>In deinem Artikel AdSense einzubauen.<\/li>\n<\/ol>\n<h2>Wie l\u00e4uft das ganze dann ab?<\/h2>\n<p>Wir versuchen nat\u00fcrlich, dass gesamte Vorgehen so einfach wie m\u00f6glich zu halten. Jedoch m\u00fcssen wir uns an einige Regeln halten, damit niemand dadurch gesch\u00e4digt wird, bzw. kein unn\u00f6tiger Aufwand entsteht. Der Ablauf ist recht einfach und l\u00e4uft in der Regel so ab:<\/p>\n<ol>\n<li>Du reichst uns deinen Artikel wie oben beschrieben ein.<\/li>\n<li>Wir \u00fcberpr\u00fcfen den Artikel und schicken dir eine Best\u00e4tigung zu. Bei Bedarf werden wir einige \u00c4nderungen vornehmen, welche wir aber sichtbar markieren werden.<\/li>\n<li>Sind alle Fragen von beiden Seiten gekl\u00e4rt, wird der Artikel von uns online gestellt.<\/li>\n<\/ol>\n<h2>Warum solltest du bei Klangrevolution deine Sachen ver\u00f6ffentlichen?<\/h2>\n<p>Hierf\u00fcr gibt es mehrere Gr\u00fcnde:<\/p>\n<ol>\n<li>Du m\u00f6chtest endlich, dass \u00fcber dich geschrieben wird<\/li>\n<li>Du m\u00f6chtest, dass dein Name endlich bei Google besser gefunden wird<\/li>\n<li>Du m\u00f6chtest, dass es endlich Links zu deiner eigenen Homepage gibt<\/li>\n<li>Du m\u00f6chtest, dass deine CDs\/DVDs&#8230; auf Amazon, iTunes&#8230; gekauft werden<\/li>\n<li>Du m\u00f6chtest einfach, einen Artikel \u00fcber dich lesen<\/li>\n<li>Wir verbinden alle Artikel mit Facebook und erreichen dadurch eine gro\u00dfe Zahl an Menschen. Andersherum werden alle Kommentare automatisch auch von Facebook auf deinem Artikel hier auf Klangrevolution ver\u00f6ffentlicht. Der Verteile ist dadurch sehr attraktiv<\/li>\n<li>und viele Gr\u00fcnde mehr.<\/li>\n<\/ol>\n<h2>Du hast ein Label und m\u00f6chtest \u00fcber deine Projekte\/K\u00fcnstler schreiben?<\/h2>\n<p>Das ist ebenso kein Thema. Du kannst uns f\u00fcr jeden deiner K\u00fcnstler einen Artikel einreichen, ob Single oder Album spielt dabei keine Rolle. Vielleicht m\u00f6chtest du sogar \u00fcber dich selbst schreiben und andere an deinem Alltag teilhaben lassen, wir freuen uns auch dar\u00fcber!<\/p>\n<p>Was am Ende auch immer der Grund sein mag, es macht Spa\u00df zu schreiben und \u00fcber seine Arbeit zu lesen. Klangrevolution ist die ideale Plattform f\u00fcr dich.<\/p>\n","protected":false},"excerpt":{"rendered":"<p>Was ist die Klangrevolution? Vor langer Zeit war das Projekt als Konzertveranstalter und K\u00fcnstlervermittlung angedacht und gestartet worden. Im Laufe der Zeit jedoch kamen immer mehr Berichte \u00fcber Konzerte, Interviews und Rezensionen hinzu. Irgendwann beschlossen wir daher, aus der Klangrevolution ein Portal zu machen in dem wir \u00fcber alles und jeden berichten. Und es ist gut geworden \ud83d\ude42 \u00dcber was berichten wir? Generell berichten wir&#46;&#46;&#46;<\/p>\n","protected":false},"author":1,"featured_media":0,"parent":0,"menu_order":0,"comment_status":"closed","ping_status":"open","template":"","meta":{"jetpack_post_was_ever_published":false,"footnotes":""},"class_list":["post-100","page","type-page","status-publish","hentry"],"translation":{"provider":"WPGlobus","version":"3.0.2","language":"en","enabled_languages":["de","en"],"languages":{"de":{"title":true,"content":true,"excerpt":false},"en":{"title":false,"content":false,"excerpt":false}}},"jetpack_sharing_enabled":true,"jetpack-related-posts":[],"_links":{"self":[{"href":"https:\/\/www.klangrevolution.de\/en\/wp-json\/wp\/v2\/pages\/100","targetHints":{"allow":["GET"]}}],"collection":[{"href":"https:\/\/www.klangrevolution.de\/en\/wp-json\/wp\/v2\/pages"}],"about":[{"href":"https:\/\/www.klangrevolution.de\/en\/wp-json\/wp\/v2\/types\/page"}],"author":[{"embeddable":true,"href":"https:\/\/www.klangrevolution.de\/en\/wp-json\/wp\/v2\/users\/1"}],"replies":[{"embeddable":true,"href":"https:\/\/www.klangrevolution.de\/en\/wp-json\/wp\/v2\/comments?post=100"}],"version-history":[{"count":0,"href":"https:\/\/www.klangrevolution.de\/en\/wp-json\/wp\/v2\/pages\/100\/revisions"}],"wp:attachment":[{"href":"https:\/\/www.klangrevolution.de\/en\/wp-json\/wp\/v2\/media?parent=100"}],"curies":[{"name":"wp","href":"https:\/\/api.w.org\/{rel}","templated":true}]}}